{"id":4302,"date":"2019-12-26T11:42:02","date_gmt":"2019-12-26T11:42:02","guid":{"rendered":"http:\/\/www.lvisk.fi\/?page_id=4302"},"modified":"2020-03-17T19:33:58","modified_gmt":"2020-03-17T19:33:58","slug":"yhteystiedot","status":"publish","type":"page","link":"https:\/\/www.lvisk.fi\/?page_id=4302","title":{"rendered":"Yhteystiedot"},"content":{"rendered":"<p><strong>LVIS-Laitala Oy<\/strong><\/p><ul class=\"wp-block-list\"><li>Y-Tunnus: 2489518-7<\/li><li> Osoite: Lempilaaksontie 5, 61600 JALASJ\u00c4RVI <\/li><li>info@lvisk.fi<\/li><\/ul><p><\/p><div class=\"wp-block-group\"><div class=\"wp-block-group__inner-container is-layout-flow wp-block-group-is-layout-flow\"><div class=\"wp-block-group\"><div class=\"wp-block-group__inner-container is-layout-flow wp-block-group-is-layout-flow\"><ul class=\"wp-block-list\"><li><strong>Toimitusjohtaja: Riku-Matti Laitala<\/strong> <\/li><li> email: riku-matti@lvisk.fi <\/li><li> Puhelin: 041 543 7311 <\/li><\/ul><\/div><\/div>\n\n<p><\/p><\/div><\/div><p><\/p><h2 class=\"wp-block-heading\">Myyntilaskut<\/h2><h3 class=\"wp-block-heading\">1. Verkkolaskut<\/h3><ul class=\"wp-block-list\"><li>EDI\/OTV Tunnus: 003724895187<\/li><li>Verkkolaskuoperaattori: 003721291126 (Maventa)<\/li><\/ul><h3 class=\"wp-block-heading\">2. S\u00e4hk\u00f6postilaskut<\/h3><ul class=\"wp-block-list\"><li>laskut@lvisk.fi<\/li><\/ul><h3 class=\"wp-block-heading\">3. Paperilaskut<\/h3><p>Huom! Paperilaskujen k\u00e4sittely on hitaampaa ja k\u00e4sittelyaika on pidempi kuin verkko- tai s\u00e4hk\u00f6postilaskussa. Suosimme verkkolaskuja tai s\u00e4hk\u00f6postilaskuja.<\/p><p>Lempilaaksontie 5, 61600 JALASJ\u00c4RVI<\/p>","protected":false},"excerpt":{"rendered":"<p>LVIS-Laitala Oy Y-Tunnus: 2489518-7 Osoite: Lempilaaksontie 5, 61600 JALASJ\u00c4RVI info@lvisk.fi Toimitusjohtaja: Riku-Matti Laitala email: riku-matti@lvisk.fi Puhelin: 041 543 7311 Myyntilaskut 1. Verkkolaskut EDI\/OTV Tunnus: 003724895187 Verkkolaskuoperaattori: 003721291126 (Maventa) 2. S\u00e4hk\u00f6postilaskut laskut@lvisk.fi 3. Paperilaskut Huom! Paperilaskujen k\u00e4sittely on hitaampaa ja k\u00e4sittelyaika on pidempi kuin verkko- tai s\u00e4hk\u00f6postilaskussa. Suosimme verkkolaskuja tai s\u00e4hk\u00f6postilaskuja. [&hellip;]<\/p>\n","protected":false},"author":1,"featured_media":0,"parent":0,"menu_order":0,"comment_status":"closed","ping_status":"closed","template":"","meta":{"footnotes":""},"class_list":["post-4302","page","type-page","status-publish","hentry"],"jetpack_sharing_enabled":true,"_links":{"self":[{"href":"https:\/\/www.lvisk.fi\/index.php?rest_route=\/wp\/v2\/pages\/4302","targetHints":{"allow":["GET"]}}],"collection":[{"href":"https:\/\/www.lvisk.fi\/index.php?rest_route=\/wp\/v2\/pages"}],"about":[{"href":"https:\/\/www.lvisk.fi\/index.php?rest_route=\/wp\/v2\/types\/page"}],"author":[{"embeddable":true,"href":"https:\/\/www.lvisk.fi\/index.php?rest_route=\/wp\/v2\/users\/1"}],"replies":[{"embeddable":true,"href":"https:\/\/www.lvisk.fi\/index.php?rest_route=%2Fwp%2Fv2%2Fcomments&post=4302"}],"version-history":[{"count":8,"href":"https:\/\/www.lvisk.fi\/index.php?rest_route=\/wp\/v2\/pages\/4302\/revisions"}],"predecessor-version":[{"id":4384,"href":"https:\/\/www.lvisk.fi\/index.php?rest_route=\/wp\/v2\/pages\/4302\/revisions\/4384"}],"wp:attachment":[{"href":"https:\/\/www.lvisk.fi\/index.php?rest_route=%2Fwp%2Fv2%2Fmedia&parent=4302"}],"curies":[{"name":"wp","href":"https:\/\/api.w.org\/{rel}","templated":true}]}}