{"id":4329,"date":"2019-12-26T12:03:13","date_gmt":"2019-12-26T12:03:13","guid":{"rendered":"http:\/\/www.lvisk.fi\/?page_id=4329"},"modified":"2021-11-08T08:30:13","modified_gmt":"2021-11-08T08:30:13","slug":"galleria","status":"publish","type":"page","link":"https:\/\/www.lvisk.fi\/?page_id=4329","title":{"rendered":"Galleria"},"content":{"rendered":"<figure class=\"wp-block-gallery columns-3 is-cropped wp-block-gallery-1 is-layout-flex wp-block-gallery-is-layout-flex\"><ul class=\"blocks-gallery-grid\"><li class=\"blocks-gallery-item\"><figure><a href=\"https:\/\/www.lvisk.fi\/wp-content\/uploads\/2020\/03\/20200317_1921081-768x1024.jpg\"><img loading=\"lazy\" decoding=\"async\" width=\"768\" height=\"1024\" src=\"https:\/\/www.lvisk.fi\/wp-content\/uploads\/2020\/03\/20200317_1921081-768x1024.jpg\" alt=\"\" data-id=\"4372\" data-link=\"https:\/\/www.lvisk.fi\/?attachment_id=4372\" class=\"wp-image-4372\" srcset=\"https:\/\/www.lvisk.fi\/wp-content\/uploads\/2020\/03\/20200317_1921081-768x1024.jpg 768w, https:\/\/www.lvisk.fi\/wp-content\/uploads\/2020\/03\/20200317_1921081-225x300.jpg 225w, https:\/\/www.lvisk.fi\/wp-content\/uploads\/2020\/03\/20200317_1921081-1152x1536.jpg 1152w, https:\/\/www.lvisk.fi\/wp-content\/uploads\/2020\/03\/20200317_1921081-1536x2048.jpg 1536w, https:\/\/www.lvisk.fi\/wp-content\/uploads\/2020\/03\/20200317_1921081-600x800.jpg 600w, https:\/\/www.lvisk.fi\/wp-content\/uploads\/2020\/03\/20200317_1921081-scaled.jpg 1920w\" sizes=\"auto, (max-width: 768px) 100vw, 768px\" \/><\/a><figcaption class=\"blocks-gallery-item__caption\">ilox 89plus<\/figcaption><\/figure><\/li><li class=\"blocks-gallery-item\"><figure><a href=\"https:\/\/www.lvisk.fi\/wp-content\/uploads\/2020\/03\/20200317_1921381-1024x768.jpg\"><img loading=\"lazy\" decoding=\"async\" width=\"1024\" height=\"768\" src=\"https:\/\/www.lvisk.fi\/wp-content\/uploads\/2020\/03\/20200317_1921381-1024x768.jpg\" alt=\"\" data-id=\"4373\" data-link=\"https:\/\/www.lvisk.fi\/?attachment_id=4373\" class=\"wp-image-4373\" srcset=\"https:\/\/www.lvisk.fi\/wp-content\/uploads\/2020\/03\/20200317_1921381-1024x768.jpg 1024w, https:\/\/www.lvisk.fi\/wp-content\/uploads\/2020\/03\/20200317_1921381-300x225.jpg 300w, https:\/\/www.lvisk.fi\/wp-content\/uploads\/2020\/03\/20200317_1921381-768x576.jpg 768w, https:\/\/www.lvisk.fi\/wp-content\/uploads\/2020\/03\/20200317_1921381-1536x1152.jpg 1536w, https:\/\/www.lvisk.fi\/wp-content\/uploads\/2020\/03\/20200317_1921381-2048x1536.jpg 2048w, https:\/\/www.lvisk.fi\/wp-content\/uploads\/2020\/03\/20200317_1921381-600x450.jpg 600w\" sizes=\"auto, (max-width: 1024px) 100vw, 1024px\" \/><\/a><figcaption class=\"blocks-gallery-item__caption\">l\u00e4mp\u00f6\u00e4ss\u00e4 vmi<\/figcaption><\/figure><\/li><li class=\"blocks-gallery-item\"><figure><a href=\"https:\/\/www.lvisk.fi\/wp-content\/uploads\/2020\/03\/20200317_1923271-768x1024.jpg\"><img loading=\"lazy\" decoding=\"async\" width=\"768\" height=\"1024\" src=\"https:\/\/www.lvisk.fi\/wp-content\/uploads\/2020\/03\/20200317_1923271-768x1024.jpg\" alt=\"\" data-id=\"4374\" data-link=\"https:\/\/www.lvisk.fi\/?attachment_id=4374\" class=\"wp-image-4374\" srcset=\"https:\/\/www.lvisk.fi\/wp-content\/uploads\/2020\/03\/20200317_1923271-768x1024.jpg 768w, https:\/\/www.lvisk.fi\/wp-content\/uploads\/2020\/03\/20200317_1923271-225x300.jpg 225w, https:\/\/www.lvisk.fi\/wp-content\/uploads\/2020\/03\/20200317_1923271-1152x1536.jpg 1152w, https:\/\/www.lvisk.fi\/wp-content\/uploads\/2020\/03\/20200317_1923271-1536x2048.jpg 1536w, https:\/\/www.lvisk.fi\/wp-content\/uploads\/2020\/03\/20200317_1923271-600x800.jpg 600w, https:\/\/www.lvisk.fi\/wp-content\/uploads\/2020\/03\/20200317_1923271-scaled.jpg 1920w\" sizes=\"auto, (max-width: 768px) 100vw, 768px\" \/><\/a><figcaption class=\"blocks-gallery-item__caption\">gustavsberg sadesuihkut<\/figcaption><\/figure><\/li><li class=\"blocks-gallery-item\"><figure><a href=\"https:\/\/www.lvisk.fi\/wp-content\/uploads\/2020\/03\/20200317_1921571-1024x768.jpg\"><img loading=\"lazy\" decoding=\"async\" width=\"1024\" height=\"768\" src=\"https:\/\/www.lvisk.fi\/wp-content\/uploads\/2020\/03\/20200317_1921571-1024x768.jpg\" alt=\"\" data-id=\"4375\" data-link=\"https:\/\/www.lvisk.fi\/?attachment_id=4375\" class=\"wp-image-4375\" srcset=\"https:\/\/www.lvisk.fi\/wp-content\/uploads\/2020\/03\/20200317_1921571-1024x768.jpg 1024w, https:\/\/www.lvisk.fi\/wp-content\/uploads\/2020\/03\/20200317_1921571-300x225.jpg 300w, https:\/\/www.lvisk.fi\/wp-content\/uploads\/2020\/03\/20200317_1921571-768x576.jpg 768w, https:\/\/www.lvisk.fi\/wp-content\/uploads\/2020\/03\/20200317_1921571-1536x1152.jpg 1536w, https:\/\/www.lvisk.fi\/wp-content\/uploads\/2020\/03\/20200317_1921571-2048x1536.jpg 2048w, https:\/\/www.lvisk.fi\/wp-content\/uploads\/2020\/03\/20200317_1921571-600x450.jpg 600w\" sizes=\"auto, (max-width: 1024px) 100vw, 1024px\" \/><\/a><figcaption class=\"blocks-gallery-item__caption\">L\u00e4mp\u00f6\u00e4ss\u00e4 vmi<\/figcaption><\/figure><\/li><li class=\"blocks-gallery-item\"><figure><a href=\"https:\/\/www.lvisk.fi\/wp-content\/uploads\/2021\/11\/IMG_20211104_083012-scaled.jpg\"><img loading=\"lazy\" decoding=\"async\" width=\"1024\" height=\"768\" src=\"https:\/\/www.lvisk.fi\/wp-content\/uploads\/2021\/11\/IMG_20211104_083012-1024x768.jpg\" alt=\"\" data-id=\"4388\" data-full-url=\"https:\/\/www.lvisk.fi\/wp-content\/uploads\/2021\/11\/IMG_20211104_083012-scaled.jpg\" data-link=\"https:\/\/www.lvisk.fi\/?attachment_id=4388\" class=\"wp-image-4388\" srcset=\"https:\/\/www.lvisk.fi\/wp-content\/uploads\/2021\/11\/IMG_20211104_083012-1024x768.jpg 1024w, https:\/\/www.lvisk.fi\/wp-content\/uploads\/2021\/11\/IMG_20211104_083012-300x225.jpg 300w, https:\/\/www.lvisk.fi\/wp-content\/uploads\/2021\/11\/IMG_20211104_083012-768x576.jpg 768w, https:\/\/www.lvisk.fi\/wp-content\/uploads\/2021\/11\/IMG_20211104_083012-1536x1152.jpg 1536w, https:\/\/www.lvisk.fi\/wp-content\/uploads\/2021\/11\/IMG_20211104_083012-2048x1536.jpg 2048w, https:\/\/www.lvisk.fi\/wp-content\/uploads\/2021\/11\/IMG_20211104_083012-600x450.jpg 600w\" sizes=\"auto, (max-width: 1024px) 100vw, 1024px\" \/><\/a><\/figure><\/li><\/ul><\/figure>","protected":false},"excerpt":{"rendered":"","protected":false},"author":1,"featured_media":0,"parent":0,"menu_order":0,"comment_status":"closed","ping_status":"closed","template":"","meta":{"footnotes":""},"class_list":["post-4329","page","type-page","status-publish","hentry"],"jetpack_sharing_enabled":true,"_links":{"self":[{"href":"https:\/\/www.lvisk.fi\/index.php?rest_route=\/wp\/v2\/pages\/4329","targetHints":{"allow":["GET"]}}],"collection":[{"href":"https:\/\/www.lvisk.fi\/index.php?rest_route=\/wp\/v2\/pages"}],"about":[{"href":"https:\/\/www.lvisk.fi\/index.php?rest_route=\/wp\/v2\/types\/page"}],"author":[{"embeddable":true,"href":"https:\/\/www.lvisk.fi\/index.php?rest_route=\/wp\/v2\/users\/1"}],"replies":[{"embeddable":true,"href":"https:\/\/www.lvisk.fi\/index.php?rest_route=%2Fwp%2Fv2%2Fcomments&post=4329"}],"version-history":[{"count":6,"href":"https:\/\/www.lvisk.fi\/index.php?rest_route=\/wp\/v2\/pages\/4329\/revisions"}],"predecessor-version":[{"id":4389,"href":"https:\/\/www.lvisk.fi\/index.php?rest_route=\/wp\/v2\/pages\/4329\/revisions\/4389"}],"wp:attachment":[{"href":"https:\/\/www.lvisk.fi\/index.php?rest_route=%2Fwp%2Fv2%2Fmedia&parent=4329"}],"curies":[{"name":"wp","href":"https:\/\/api.w.org\/{rel}","templated":true}]}}