{"id":4354,"date":"2020-02-11T16:12:02","date_gmt":"2020-02-11T16:12:02","guid":{"rendered":"http:\/\/www.lvisk.fi\/?page_id=4354"},"modified":"2020-02-11T20:12:54","modified_gmt":"2020-02-11T20:12:54","slug":"rahoitus","status":"publish","type":"page","link":"https:\/\/www.lvisk.fi\/?page_id=4354","title":{"rendered":"Rahoitus"},"content":{"rendered":"<h2 class=\"wp-block-heading\">Joustava rahoitus OP rahoituksella!<\/h2><p>Laske itsellesi sopiva kuukausier\u00e4 laskurilla ja t\u00e4yt\u00e4 hakemus helposti.<\/p><ul class=\"wp-block-list\"><li>Rahoitus 2 500\u201330 000 \u20ac.<\/li><li>Joustava takaisinmaksuaika.<\/li><li> Laskutuspalkkio 7 \u20ac\/kk <\/li><li>Edullinen korko OP-prime + 6,95%.<\/li><li>Kuukausi korotonta ja kulutonta maksuaikaa. <\/li><li>Voit maksaa koko luoton kerralla pois ilman lis\u00e4kuluja.<\/li><li>Rahoitus kerrytt\u00e4\u00e4 Osuuspankin omistajaj\u00e4senille OP-bonuksia.<\/li><li>Rahoituksen korot ovat my\u00f6s verov\u00e4hennyskelpoisia asuntolainan tapaan<\/li><\/ul><p><iframe loading=\"lazy\" src=\"https:\/\/www.lvisk.fi\/laskuri\" width=\"600\" height=\"240\"><\/iframe><\/p>","protected":false},"excerpt":{"rendered":"<p>Joustava rahoitus OP rahoituksella! Laske itsellesi sopiva kuukausier\u00e4 laskurilla ja t\u00e4yt\u00e4 hakemus helposti. Rahoitus 2 500\u201330 000 \u20ac. Joustava takaisinmaksuaika. Laskutuspalkkio 7 \u20ac\/kk Edullinen korko OP-prime + 6,95%. Kuukausi korotonta ja kulutonta maksuaikaa. Voit maksaa koko luoton kerralla pois ilman lis\u00e4kuluja. Rahoitus kerrytt\u00e4\u00e4 Osuuspankin omistajaj\u00e4senille OP-bonuksia. Rahoituksen korot ovat my\u00f6s [&hellip;]<\/p>\n","protected":false},"author":1,"featured_media":0,"parent":0,"menu_order":0,"comment_status":"closed","ping_status":"closed","template":"","meta":{"footnotes":""},"class_list":["post-4354","page","type-page","status-publish","hentry"],"jetpack_sharing_enabled":true,"_links":{"self":[{"href":"https:\/\/www.lvisk.fi\/index.php?rest_route=\/wp\/v2\/pages\/4354","targetHints":{"allow":["GET"]}}],"collection":[{"href":"https:\/\/www.lvisk.fi\/index.php?rest_route=\/wp\/v2\/pages"}],"about":[{"href":"https:\/\/www.lvisk.fi\/index.php?rest_route=\/wp\/v2\/types\/page"}],"author":[{"embeddable":true,"href":"https:\/\/www.lvisk.fi\/index.php?rest_route=\/wp\/v2\/users\/1"}],"replies":[{"embeddable":true,"href":"https:\/\/www.lvisk.fi\/index.php?rest_route=%2Fwp%2Fv2%2Fcomments&post=4354"}],"version-history":[{"count":3,"href":"https:\/\/www.lvisk.fi\/index.php?rest_route=\/wp\/v2\/pages\/4354\/revisions"}],"predecessor-version":[{"id":4361,"href":"https:\/\/www.lvisk.fi\/index.php?rest_route=\/wp\/v2\/pages\/4354\/revisions\/4361"}],"wp:attachment":[{"href":"https:\/\/www.lvisk.fi\/index.php?rest_route=%2Fwp%2Fv2%2Fmedia&parent=4354"}],"curies":[{"name":"wp","href":"https:\/\/api.w.org\/{rel}","templated":true}]}}